{"id":9,"date":"2020-01-17T16:21:18","date_gmt":"2020-01-17T19:21:18","guid":{"rendered":"https:\/\/spmexico.mx\/web\/?page_id=9"},"modified":"2025-05-07T11:09:31","modified_gmt":"2025-05-07T17:09:31","slug":"home","status":"publish","type":"page","link":"https:\/\/spmexico.mx\/web\/","title":{"rendered":"Home"},"content":{"rendered":"","protected":false},"excerpt":{"rendered":"","protected":false},"author":1,"featured_media":45,"parent":0,"menu_order":0,"comment_status":"closed","ping_status":"closed","template":"pages\/home.php","meta":{"inline_featured_image":false,"footnotes":""},"class_list":["post-9","page","type-page","status-publish","has-post-thumbnail","hentry"],"acf":[],"yoast_head":"<!-- This site is optimized with the Yoast SEO plugin v23.8 - https:\/\/yoast.com\/wordpress\/plugins\/seo\/ -->\r\n<title>Home - Sanper<\/title>\r\n<meta name=\"description\" content=\"En Sanper M\u00e9xico tenemos la capacidad para acompa\u00f1ar todas las necesidades de nuestros clientes con m\u00e1s de 20 a\u00f1os de experiencia y nuestra pasi\u00f3n por servir con un proceso de fabricaci\u00f3n integral cumpliendo con los requisitos que nos apliquen en el mercado nacional e internacional.\" \/>\r\n<meta name=\"robots\" content=\"index, follow, max-snippet:-1, max-image-preview:large, max-video-preview:-1\" \/>\r\n<link rel=\"canonical\" href=\"https:\/\/spmexico.mx\/web\/\" \/>\r\n<meta property=\"og:locale\" content=\"es_ES\" \/>\r\n<meta property=\"og:type\" content=\"article\" \/>\r\n<meta property=\"og:title\" content=\"Home - Sanper\" \/>\r\n<meta property=\"og:description\" content=\"En Sanper M\u00e9xico tenemos la capacidad para acompa\u00f1ar todas las necesidades de nuestros clientes con m\u00e1s de 20 a\u00f1os de experiencia y nuestra pasi\u00f3n por servir con un proceso de fabricaci\u00f3n integral cumpliendo con los requisitos que nos apliquen en el mercado nacional e internacional.\" \/>\r\n<meta property=\"og:url\" content=\"https:\/\/spmexico.mx\/web\/\" \/>\r\n<meta property=\"og:site_name\" content=\"Sanper\" \/>\r\n<meta property=\"article:modified_time\" content=\"2025-05-07T17:09:31+00:00\" \/>\r\n<meta property=\"og:image\" content=\"https:\/\/spmexico.mx\/web\/wp-content\/uploads\/2024\/10\/desarrollo-de-producto-sanper.jpg\" \/>\r\n\t<meta property=\"og:image:width\" content=\"2800\" \/>\r\n\t<meta property=\"og:image:height\" content=\"1026\" \/>\r\n\t<meta property=\"og:image:type\" content=\"image\/jpeg\" \/>\r\n<meta name=\"twitter:card\" content=\"summary_large_image\" \/>\r\n<meta name=\"twitter:label1\" content=\"Tiempo de lectura\" \/>\n\t<meta name=\"twitter:data1\" content=\"6 minutos\" \/>\r\n<script type=\"application\/ld+json\" class=\"yoast-schema-graph\">{\"@context\":\"https:\/\/schema.org\",\"@graph\":[{\"@type\":\"WebPage\",\"@id\":\"https:\/\/spmexico.mx\/web\/\",\"url\":\"https:\/\/spmexico.mx\/web\/\",\"name\":\"Home - Sanper\",\"isPartOf\":{\"@id\":\"https:\/\/spmexico.mx\/web\/#website\"},\"primaryImageOfPage\":{\"@id\":\"https:\/\/spmexico.mx\/web\/#primaryimage\"},\"image\":{\"@id\":\"https:\/\/spmexico.mx\/web\/#primaryimage\"},\"thumbnailUrl\":\"https:\/\/spmexico.mx\/web\/wp-content\/uploads\/2024\/10\/desarrollo-de-producto-sanper.jpg\",\"datePublished\":\"2020-01-17T19:21:18+00:00\",\"dateModified\":\"2025-05-07T17:09:31+00:00\",\"description\":\"En Sanper M\u00e9xico tenemos la capacidad para acompa\u00f1ar todas las necesidades de nuestros clientes con m\u00e1s de 20 a\u00f1os de experiencia y nuestra pasi\u00f3n por servir con un proceso de fabricaci\u00f3n integral cumpliendo con los requisitos que nos apliquen en el mercado nacional e internacional.\",\"breadcrumb\":{\"@id\":\"https:\/\/spmexico.mx\/web\/#breadcrumb\"},\"inLanguage\":\"es\",\"potentialAction\":[{\"@type\":\"ReadAction\",\"target\":[\"https:\/\/spmexico.mx\/web\/\"]}]},{\"@type\":\"ImageObject\",\"inLanguage\":\"es\",\"@id\":\"https:\/\/spmexico.mx\/web\/#primaryimage\",\"url\":\"https:\/\/spmexico.mx\/web\/wp-content\/uploads\/2024\/10\/desarrollo-de-producto-sanper.jpg\",\"contentUrl\":\"https:\/\/spmexico.mx\/web\/wp-content\/uploads\/2024\/10\/desarrollo-de-producto-sanper.jpg\",\"width\":2800,\"height\":1026},{\"@type\":\"BreadcrumbList\",\"@id\":\"https:\/\/spmexico.mx\/web\/#breadcrumb\",\"itemListElement\":[{\"@type\":\"ListItem\",\"position\":1,\"name\":\"Home\",\"item\":\"https:\/\/spmexico.mx\/web\/\"},{\"@type\":\"ListItem\",\"position\":2,\"name\":\"Home\"}]},{\"@type\":\"WebSite\",\"@id\":\"https:\/\/spmexico.mx\/web\/#website\",\"url\":\"https:\/\/spmexico.mx\/web\/\",\"name\":\"SANPER\",\"description\":\"Soluciones para la industria mexicana\",\"publisher\":{\"@id\":\"https:\/\/spmexico.mx\/web\/#organization\"},\"potentialAction\":[{\"@type\":\"SearchAction\",\"target\":{\"@type\":\"EntryPoint\",\"urlTemplate\":\"https:\/\/spmexico.mx\/web\/?s={search_term_string}\"},\"query-input\":{\"@type\":\"PropertyValueSpecification\",\"valueRequired\":true,\"valueName\":\"search_term_string\"}}],\"inLanguage\":\"es\"},{\"@type\":\"Organization\",\"@id\":\"https:\/\/spmexico.mx\/web\/#organization\",\"name\":\"SANPER\",\"url\":\"https:\/\/spmexico.mx\/web\/\",\"logo\":{\"@type\":\"ImageObject\",\"inLanguage\":\"es\",\"@id\":\"https:\/\/spmexico.mx\/web\/#\/schema\/logo\/image\/\",\"url\":\"https:\/\/spmexico.mx\/web\/wp-content\/uploads\/2024\/10\/sanper-mexico.png\",\"contentUrl\":\"https:\/\/spmexico.mx\/web\/wp-content\/uploads\/2024\/10\/sanper-mexico.png\",\"width\":652,\"height\":191,\"caption\":\"SANPER\"},\"image\":{\"@id\":\"https:\/\/spmexico.mx\/web\/#\/schema\/logo\/image\/\"}}]}<\/script>\r\n<!-- \/ Yoast SEO plugin. -->","yoast_head_json":{"title":"Home - Sanper","description":"En Sanper M\u00e9xico tenemos la capacidad para acompa\u00f1ar todas las necesidades de nuestros clientes con m\u00e1s de 20 a\u00f1os de experiencia y nuestra pasi\u00f3n por servir con un proceso de fabricaci\u00f3n integral cumpliendo con los requisitos que nos apliquen en el mercado nacional e internacional.","robots":{"index":"index","follow":"follow","max-snippet":"max-snippet:-1","max-image-preview":"max-image-preview:large","max-video-preview":"max-video-preview:-1"},"canonical":"https:\/\/spmexico.mx\/web\/","og_locale":"es_ES","og_type":"article","og_title":"Home - Sanper","og_description":"En Sanper M\u00e9xico tenemos la capacidad para acompa\u00f1ar todas las necesidades de nuestros clientes con m\u00e1s de 20 a\u00f1os de experiencia y nuestra pasi\u00f3n por servir con un proceso de fabricaci\u00f3n integral cumpliendo con los requisitos que nos apliquen en el mercado nacional e internacional.","og_url":"https:\/\/spmexico.mx\/web\/","og_site_name":"Sanper","article_modified_time":"2025-05-07T17:09:31+00:00","og_image":[{"width":2800,"height":1026,"url":"https:\/\/spmexico.mx\/web\/wp-content\/uploads\/2024\/10\/desarrollo-de-producto-sanper.jpg","type":"image\/jpeg"}],"twitter_card":"summary_large_image","twitter_misc":{"Tiempo de lectura":"6 minutos"},"schema":{"@context":"https:\/\/schema.org","@graph":[{"@type":"WebPage","@id":"https:\/\/spmexico.mx\/web\/","url":"https:\/\/spmexico.mx\/web\/","name":"Home - Sanper","isPartOf":{"@id":"https:\/\/spmexico.mx\/web\/#website"},"primaryImageOfPage":{"@id":"https:\/\/spmexico.mx\/web\/#primaryimage"},"image":{"@id":"https:\/\/spmexico.mx\/web\/#primaryimage"},"thumbnailUrl":"https:\/\/spmexico.mx\/web\/wp-content\/uploads\/2024\/10\/desarrollo-de-producto-sanper.jpg","datePublished":"2020-01-17T19:21:18+00:00","dateModified":"2025-05-07T17:09:31+00:00","description":"En Sanper M\u00e9xico tenemos la capacidad para acompa\u00f1ar todas las necesidades de nuestros clientes con m\u00e1s de 20 a\u00f1os de experiencia y nuestra pasi\u00f3n por servir con un proceso de fabricaci\u00f3n integral cumpliendo con los requisitos que nos apliquen en el mercado nacional e internacional.","breadcrumb":{"@id":"https:\/\/spmexico.mx\/web\/#breadcrumb"},"inLanguage":"es","potentialAction":[{"@type":"ReadAction","target":["https:\/\/spmexico.mx\/web\/"]}]},{"@type":"ImageObject","inLanguage":"es","@id":"https:\/\/spmexico.mx\/web\/#primaryimage","url":"https:\/\/spmexico.mx\/web\/wp-content\/uploads\/2024\/10\/desarrollo-de-producto-sanper.jpg","contentUrl":"https:\/\/spmexico.mx\/web\/wp-content\/uploads\/2024\/10\/desarrollo-de-producto-sanper.jpg","width":2800,"height":1026},{"@type":"BreadcrumbList","@id":"https:\/\/spmexico.mx\/web\/#breadcrumb","itemListElement":[{"@type":"ListItem","position":1,"name":"Home","item":"https:\/\/spmexico.mx\/web\/"},{"@type":"ListItem","position":2,"name":"Home"}]},{"@type":"WebSite","@id":"https:\/\/spmexico.mx\/web\/#website","url":"https:\/\/spmexico.mx\/web\/","name":"SANPER","description":"Soluciones para la industria mexicana","publisher":{"@id":"https:\/\/spmexico.mx\/web\/#organization"},"potentialAction":[{"@type":"SearchAction","target":{"@type":"EntryPoint","urlTemplate":"https:\/\/spmexico.mx\/web\/?s={search_term_string}"},"query-input":{"@type":"PropertyValueSpecification","valueRequired":true,"valueName":"search_term_string"}}],"inLanguage":"es"},{"@type":"Organization","@id":"https:\/\/spmexico.mx\/web\/#organization","name":"SANPER","url":"https:\/\/spmexico.mx\/web\/","logo":{"@type":"ImageObject","inLanguage":"es","@id":"https:\/\/spmexico.mx\/web\/#\/schema\/logo\/image\/","url":"https:\/\/spmexico.mx\/web\/wp-content\/uploads\/2024\/10\/sanper-mexico.png","contentUrl":"https:\/\/spmexico.mx\/web\/wp-content\/uploads\/2024\/10\/sanper-mexico.png","width":652,"height":191,"caption":"SANPER"},"image":{"@id":"https:\/\/spmexico.mx\/web\/#\/schema\/logo\/image\/"}}]}},"_links":{"self":[{"href":"https:\/\/spmexico.mx\/web\/wp-json\/wp\/v2\/pages\/9"}],"collection":[{"href":"https:\/\/spmexico.mx\/web\/wp-json\/wp\/v2\/pages"}],"about":[{"href":"https:\/\/spmexico.mx\/web\/wp-json\/wp\/v2\/types\/page"}],"author":[{"embeddable":true,"href":"https:\/\/spmexico.mx\/web\/wp-json\/wp\/v2\/users\/1"}],"replies":[{"embeddable":true,"href":"https:\/\/spmexico.mx\/web\/wp-json\/wp\/v2\/comments?post=9"}],"version-history":[{"count":27,"href":"https:\/\/spmexico.mx\/web\/wp-json\/wp\/v2\/pages\/9\/revisions"}],"predecessor-version":[{"id":1693,"href":"https:\/\/spmexico.mx\/web\/wp-json\/wp\/v2\/pages\/9\/revisions\/1693"}],"wp:featuredmedia":[{"embeddable":true,"href":"https:\/\/spmexico.mx\/web\/wp-json\/wp\/v2\/media\/45"}],"wp:attachment":[{"href":"https:\/\/spmexico.mx\/web\/wp-json\/wp\/v2\/media?parent=9"}],"curies":[{"name":"wp","href":"https:\/\/api.w.org\/{rel}","templated":true}]}}