{"id":471,"date":"2024-11-05T18:52:02","date_gmt":"2024-11-05T21:52:02","guid":{"rendered":"https:\/\/spmexico.mx\/web\/?page_id=471"},"modified":"2024-11-05T19:07:52","modified_gmt":"2024-11-05T22:07:52","slug":"aviso-simplificado-para-proveedores-y-prestadores-de-servicios","status":"publish","type":"page","link":"https:\/\/spmexico.mx\/web\/aviso-simplificado-para-proveedores-y-prestadores-de-servicios\/","title":{"rendered":"Aviso simplificado para proveedores y prestadores de servicios"},"content":{"rendered":"<h4 style=\"text-align: center;\">SANPER M\u00c9XICO<\/h4>\n<p>El presente <strong>AVISO DE PRIVACIDAD<\/strong> se genera con fundamento en los art\u00edculos 8, 15, 16, 33 y 36 de la Ley Federal de Protecci\u00f3n de Datos Personales en Posesi\u00f3n de Particulares, 14, 30, 41, 68, 90 y 102 del Reglamento de la Ley Federal de Protecci\u00f3n de Datos Personales en Posesi\u00f3n de Particulares y los dem\u00e1s relativos a los Lineamientos del aviso de privacidad publicados en el Diario Oficial de la Federaci\u00f3n el diecisiete de enero del dos mil trece, con el objeto de informar a los titulares, sobre el tratamiento que se le dar\u00e1 a los <strong>DATOS E INFORMACI\u00d3N YA SEA PERSONAL, FINANCIEROS, PATRIMONIALES O SENSIBLES<\/strong> que sean recabados, utilizados, almacenados, captados y\/o transferidos por \u201cSANPER\u201d, de conformidad con los t\u00e9rminos y condiciones que a continuaci\u00f3n de describen:<\/p>\n<p><span style=\"text-decoration: underline;\"><strong>Responsable de la protecci\u00f3n de sus Datos Personales.<\/strong><\/span><br \/>\n<strong>\u201cSANPER\u201d<\/strong>, con domicilio el ubicado en Carretera San Francisco \u2013 Le\u00f3n K.M. 7.5, Colonia Lomas de Buenavista, C.P. 36468, de la ciudad de San Francisco del Rinc\u00f3n, Estado de Guanajuato, es responsable del tratamiento de sus datos personales, en t\u00e9rminos de los art\u00edculos 3\u00ba fracci\u00f3n XIV, 14, 15,16 y 17 de la <strong>Ley Federal de Protecci\u00f3n de Datos Personales en Posesi\u00f3n de los Particulares (\u201cLFPDPPP\u201d).<\/strong><\/p>\n<p><span style=\"text-decoration: underline;\"><strong>Finalidad del tratamiento y Datos Personales recabados.<\/strong><\/span><\/p>\n<h4>De los proveedores o prestadores de \u201cSANPER\u201d.<\/h4>\n<p>Los datos personales (generales, financieros, patrimoniales y sensibles) que les son recabados, ser\u00e1n utilizados para el mantenimiento de su relaci\u00f3n como proveedores o prestadores de <strong>\u201cSANPER\u201d<\/strong>, en t\u00e9rminos de lo se\u00f1alado en este apartado.<\/p>\n<p><strong>Datos generales<\/strong><br \/>\nLos datos personales <strong>generales<\/strong> (nombre completo o raz\u00f3n social, identificaci\u00f3n oficial vigente, g\u00e9nero, comprobante de estado civil, comprobante de domicilio, Registro Federal de Contribuyente, CURP, correo electr\u00f3nico, nombre y comprobante de domicilio de sus trabajadores, incluyendo las im\u00e1genes) recabados para ingresar como cliente, ser\u00e1n utilizados para los siguientes fines esenciales: (1) darlo de alta en nuestros sistemas y bases de datos como cliente; (2) identificarlo como cliente; (3) cumplir con las disposiciones legales aplicables; (4) generar el expediente y documento (f\u00edsico y\/o electr\u00f3nico) de acreditaci\u00f3n como cliente; (5) realizar actividades concernientes a la relaci\u00f3n contractual ya existente o que llegar\u00e1 a existir; (6) contactarlo cuando sea necesario; (7) para solicitar confirmar, corregir y actualizar su informaci\u00f3n como cliente; (8) para el cumplimiento de procesos administrativos o internos as\u00ed como el llenado de formatos o formularios; (9) para otorgarle los accesos a las instalaciones, sistemas inform\u00e1ticos, aplicativos, softwares, tecnolog\u00edas u otras herramientas tecnol\u00f3gicas y prestaciones que le correspondan derivado de la relaci\u00f3n contractual; (10) realizar la facturaci\u00f3n de los servicios proporcionados; (11) Cumplimiento de pol\u00edticas internas de SANPER, relacionado con la relaci\u00f3n contractual; (12) para el env\u00edo sobre la informaci\u00f3n sobre cambios de los productos de SANPER y ofrecerle otros; (13) para la elaboraci\u00f3n de presupuestos o cotizaciones; (14) para darle acceso a nuestros portales comerciales; (15) para solicitar referencias de usted o su empresa; (16) para remitirle informaci\u00f3n peri\u00f3dica de sus proyectos contratados tales como el estado de cuenta mensual; (17) para remitirle promociones de otros bienes o servicios relacionados con nuestros productos; (18) para generar campa\u00f1as de fidelidad y lealtad con el cliente y administrar las relaciones con el mismo; (19) evaluar la calidad en el servicio; (20) transferir su informaci\u00f3n a terceros mexicanos o extranjeros que le provean de servicios necesarios para su debida operaci\u00f3n o con los que se tenga relaci\u00f3n comercial. Adicionalmente tambi\u00e9n podr\u00e1n ser utilizados para fines no esenciales tales como: (1) fines estad\u00edsticos; (2) fines de mercadeo y, (3) toma de im\u00e1genes.<\/p>\n<p>Cuando su imagen vaya a ser utilizada para fines publicitarios, esta situaci\u00f3n le ser\u00e1 notificada por <strong>\u201cSANPER\u201d<\/strong>, y se le requerir\u00e1 su consentimiento expreso en un formato espec\u00edfico, para que usted otorgue su consentimiento sobre el tratamiento de sus datos (im\u00e1genes), para estos fines.<\/p>\n<p><strong>Del consentimiento para el tratamiento de datos financieros y patrimoniales.<\/strong><br \/>\nEn cumplimiento con lo dispuesto por el art\u00edculo 8\u00ba de la <strong>\u201cLFPDPPP\u201d<\/strong>, se le informa que para recabar y tratar sus <strong>datos financieros y patrimoniales<\/strong>, es preciso contar con su <strong>consentimiento expreso<\/strong>, el cual le ser\u00e1 requerido en un formato especifico al momento de su recolecci\u00f3n, para que manifieste su consentimiento para aceptar o no el tratamiento de dichos datos.<\/p>\n<p><strong>De los datos sensibles.<\/strong><br \/>\nEn cumplimiento con lo dispuesto por el art\u00edculo 9\u00ba de la<strong> \u201cLFPDPPP\u201d<\/strong>, se le informa que para recabar y tratar sus datos sensibles, es preciso contar con su consentimiento expreso, el cual le ser\u00e1 requerido en un formato especifico al momento de su recolecci\u00f3n, para que manifieste su consentimiento para aceptar o no el tratamiento de dichos datos.<\/p>\n<p>Para mayor informaci\u00f3n acerca del tratamiento y de los derechos que puede hacer valer, usted puede acceder al aviso de privacidad integral a trav\u00e9s de nuestra p\u00e1gina de internet <strong>https:\/\/spmexico.mx<\/strong> as\u00ed como en nuestras oficinas.<\/p>\n","protected":false},"excerpt":{"rendered":"<p>SANPER M\u00c9XICO El presente AVISO DE PRIVACIDAD se genera con fundamento en los art\u00edculos 8, 15, 16, 33 y 36 de la Ley Federal de Protecci\u00f3n de Datos Personales en Posesi\u00f3n de Particulares, 14, 30, 41, 68, 90 y 102 del Reglamento de la Ley Federal de Protecci\u00f3n de Datos Personales en Posesi\u00f3n de Particulares [&hellip;]<\/p>\n","protected":false},"author":1,"featured_media":366,"parent":0,"menu_order":0,"comment_status":"closed","ping_status":"closed","template":"pages\/avisos.php","meta":{"inline_featured_image":false,"footnotes":""},"class_list":["post-471","page","type-page","status-publish","has-post-thumbnail","hentry"],"acf":[],"yoast_head":"<!-- This site is optimized with the Yoast SEO plugin v23.8 - https:\/\/yoast.com\/wordpress\/plugins\/seo\/ -->\r\n<title>Aviso simplificado para proveedores y prestadores de servicios - Sanper<\/title>\r\n<meta name=\"description\" content=\"En Sanper M\u00e9xico tenemos la capacidad para acompa\u00f1ar todas las necesidades de nuestros clientes con m\u00e1s de 20 a\u00f1os de experiencia y nuestra pasi\u00f3n por servir con un proceso de fabricaci\u00f3n integral cumpliendo con los requisitos que nos apliquen en el mercado nacional e internacional.\" \/>\r\n<meta name=\"robots\" content=\"index, follow, max-snippet:-1, max-image-preview:large, max-video-preview:-1\" \/>\r\n<link rel=\"canonical\" href=\"https:\/\/spmexico.mx\/web\/aviso-simplificado-para-proveedores-y-prestadores-de-servicios\/\" \/>\r\n<meta property=\"og:locale\" content=\"es_ES\" \/>\r\n<meta property=\"og:type\" content=\"article\" \/>\r\n<meta property=\"og:title\" content=\"Aviso simplificado para proveedores y prestadores de servicios - Sanper\" \/>\r\n<meta property=\"og:description\" content=\"En Sanper M\u00e9xico tenemos la capacidad para acompa\u00f1ar todas las necesidades de nuestros clientes con m\u00e1s de 20 a\u00f1os de experiencia y nuestra pasi\u00f3n por servir con un proceso de fabricaci\u00f3n integral cumpliendo con los requisitos que nos apliquen en el mercado nacional e internacional.\" \/>\r\n<meta property=\"og:url\" content=\"https:\/\/spmexico.mx\/web\/aviso-simplificado-para-proveedores-y-prestadores-de-servicios\/\" \/>\r\n<meta property=\"og:site_name\" content=\"Sanper\" \/>\r\n<meta property=\"article:modified_time\" content=\"2024-11-05T22:07:52+00:00\" \/>\r\n<meta property=\"og:image\" content=\"https:\/\/spmexico.mx\/web\/wp-content\/uploads\/2024\/10\/xlpe-idd-sanper.jpg\" \/>\r\n\t<meta property=\"og:image:width\" content=\"1507\" \/>\r\n\t<meta property=\"og:image:height\" content=\"1165\" \/>\r\n\t<meta property=\"og:image:type\" content=\"image\/jpeg\" \/>\r\n<meta name=\"twitter:card\" content=\"summary_large_image\" \/>\r\n<meta name=\"twitter:label1\" content=\"Tiempo de lectura\" \/>\n\t<meta name=\"twitter:data1\" content=\"5 minutos\" \/>\r\n<script type=\"application\/ld+json\" class=\"yoast-schema-graph\">{\"@context\":\"https:\/\/schema.org\",\"@graph\":[{\"@type\":\"WebPage\",\"@id\":\"https:\/\/spmexico.mx\/web\/aviso-simplificado-para-proveedores-y-prestadores-de-servicios\/\",\"url\":\"https:\/\/spmexico.mx\/web\/aviso-simplificado-para-proveedores-y-prestadores-de-servicios\/\",\"name\":\"Aviso simplificado para proveedores y prestadores de servicios - Sanper\",\"isPartOf\":{\"@id\":\"https:\/\/spmexico.mx\/web\/#website\"},\"primaryImageOfPage\":{\"@id\":\"https:\/\/spmexico.mx\/web\/aviso-simplificado-para-proveedores-y-prestadores-de-servicios\/#primaryimage\"},\"image\":{\"@id\":\"https:\/\/spmexico.mx\/web\/aviso-simplificado-para-proveedores-y-prestadores-de-servicios\/#primaryimage\"},\"thumbnailUrl\":\"https:\/\/spmexico.mx\/web\/wp-content\/uploads\/2024\/10\/xlpe-idd-sanper.jpg\",\"datePublished\":\"2024-11-05T21:52:02+00:00\",\"dateModified\":\"2024-11-05T22:07:52+00:00\",\"description\":\"En Sanper M\u00e9xico tenemos la capacidad para acompa\u00f1ar todas las necesidades de nuestros clientes con m\u00e1s de 20 a\u00f1os de experiencia y nuestra pasi\u00f3n por servir con un proceso de fabricaci\u00f3n integral cumpliendo con los requisitos que nos apliquen en el mercado nacional e internacional.\",\"breadcrumb\":{\"@id\":\"https:\/\/spmexico.mx\/web\/aviso-simplificado-para-proveedores-y-prestadores-de-servicios\/#breadcrumb\"},\"inLanguage\":\"es\",\"potentialAction\":[{\"@type\":\"ReadAction\",\"target\":[\"https:\/\/spmexico.mx\/web\/aviso-simplificado-para-proveedores-y-prestadores-de-servicios\/\"]}]},{\"@type\":\"ImageObject\",\"inLanguage\":\"es\",\"@id\":\"https:\/\/spmexico.mx\/web\/aviso-simplificado-para-proveedores-y-prestadores-de-servicios\/#primaryimage\",\"url\":\"https:\/\/spmexico.mx\/web\/wp-content\/uploads\/2024\/10\/xlpe-idd-sanper.jpg\",\"contentUrl\":\"https:\/\/spmexico.mx\/web\/wp-content\/uploads\/2024\/10\/xlpe-idd-sanper.jpg\",\"width\":1507,\"height\":1165},{\"@type\":\"BreadcrumbList\",\"@id\":\"https:\/\/spmexico.mx\/web\/aviso-simplificado-para-proveedores-y-prestadores-de-servicios\/#breadcrumb\",\"itemListElement\":[{\"@type\":\"ListItem\",\"position\":1,\"name\":\"Home\",\"item\":\"https:\/\/spmexico.mx\/web\/\"},{\"@type\":\"ListItem\",\"position\":2,\"name\":\"Aviso simplificado para proveedores y prestadores de servicios\"}]},{\"@type\":\"WebSite\",\"@id\":\"https:\/\/spmexico.mx\/web\/#website\",\"url\":\"https:\/\/spmexico.mx\/web\/\",\"name\":\"SANPER\",\"description\":\"Soluciones para la industria mexicana\",\"publisher\":{\"@id\":\"https:\/\/spmexico.mx\/web\/#organization\"},\"potentialAction\":[{\"@type\":\"SearchAction\",\"target\":{\"@type\":\"EntryPoint\",\"urlTemplate\":\"https:\/\/spmexico.mx\/web\/?s={search_term_string}\"},\"query-input\":{\"@type\":\"PropertyValueSpecification\",\"valueRequired\":true,\"valueName\":\"search_term_string\"}}],\"inLanguage\":\"es\"},{\"@type\":\"Organization\",\"@id\":\"https:\/\/spmexico.mx\/web\/#organization\",\"name\":\"SANPER\",\"url\":\"https:\/\/spmexico.mx\/web\/\",\"logo\":{\"@type\":\"ImageObject\",\"inLanguage\":\"es\",\"@id\":\"https:\/\/spmexico.mx\/web\/#\/schema\/logo\/image\/\",\"url\":\"https:\/\/spmexico.mx\/web\/wp-content\/uploads\/2024\/10\/sanper-mexico.png\",\"contentUrl\":\"https:\/\/spmexico.mx\/web\/wp-content\/uploads\/2024\/10\/sanper-mexico.png\",\"width\":652,\"height\":191,\"caption\":\"SANPER\"},\"image\":{\"@id\":\"https:\/\/spmexico.mx\/web\/#\/schema\/logo\/image\/\"}}]}<\/script>\r\n<!-- \/ Yoast SEO plugin. -->","yoast_head_json":{"title":"Aviso simplificado para proveedores y prestadores de servicios - Sanper","description":"En Sanper M\u00e9xico tenemos la capacidad para acompa\u00f1ar todas las necesidades de nuestros clientes con m\u00e1s de 20 a\u00f1os de experiencia y nuestra pasi\u00f3n por servir con un proceso de fabricaci\u00f3n integral cumpliendo con los requisitos que nos apliquen en el mercado nacional e internacional.","robots":{"index":"index","follow":"follow","max-snippet":"max-snippet:-1","max-image-preview":"max-image-preview:large","max-video-preview":"max-video-preview:-1"},"canonical":"https:\/\/spmexico.mx\/web\/aviso-simplificado-para-proveedores-y-prestadores-de-servicios\/","og_locale":"es_ES","og_type":"article","og_title":"Aviso simplificado para proveedores y prestadores de servicios - Sanper","og_description":"En Sanper M\u00e9xico tenemos la capacidad para acompa\u00f1ar todas las necesidades de nuestros clientes con m\u00e1s de 20 a\u00f1os de experiencia y nuestra pasi\u00f3n por servir con un proceso de fabricaci\u00f3n integral cumpliendo con los requisitos que nos apliquen en el mercado nacional e internacional.","og_url":"https:\/\/spmexico.mx\/web\/aviso-simplificado-para-proveedores-y-prestadores-de-servicios\/","og_site_name":"Sanper","article_modified_time":"2024-11-05T22:07:52+00:00","og_image":[{"width":1507,"height":1165,"url":"https:\/\/spmexico.mx\/web\/wp-content\/uploads\/2024\/10\/xlpe-idd-sanper.jpg","type":"image\/jpeg"}],"twitter_card":"summary_large_image","twitter_misc":{"Tiempo de lectura":"5 minutos"},"schema":{"@context":"https:\/\/schema.org","@graph":[{"@type":"WebPage","@id":"https:\/\/spmexico.mx\/web\/aviso-simplificado-para-proveedores-y-prestadores-de-servicios\/","url":"https:\/\/spmexico.mx\/web\/aviso-simplificado-para-proveedores-y-prestadores-de-servicios\/","name":"Aviso simplificado para proveedores y prestadores de servicios - Sanper","isPartOf":{"@id":"https:\/\/spmexico.mx\/web\/#website"},"primaryImageOfPage":{"@id":"https:\/\/spmexico.mx\/web\/aviso-simplificado-para-proveedores-y-prestadores-de-servicios\/#primaryimage"},"image":{"@id":"https:\/\/spmexico.mx\/web\/aviso-simplificado-para-proveedores-y-prestadores-de-servicios\/#primaryimage"},"thumbnailUrl":"https:\/\/spmexico.mx\/web\/wp-content\/uploads\/2024\/10\/xlpe-idd-sanper.jpg","datePublished":"2024-11-05T21:52:02+00:00","dateModified":"2024-11-05T22:07:52+00:00","description":"En Sanper M\u00e9xico tenemos la capacidad para acompa\u00f1ar todas las necesidades de nuestros clientes con m\u00e1s de 20 a\u00f1os de experiencia y nuestra pasi\u00f3n por servir con un proceso de fabricaci\u00f3n integral cumpliendo con los requisitos que nos apliquen en el mercado nacional e internacional.","breadcrumb":{"@id":"https:\/\/spmexico.mx\/web\/aviso-simplificado-para-proveedores-y-prestadores-de-servicios\/#breadcrumb"},"inLanguage":"es","potentialAction":[{"@type":"ReadAction","target":["https:\/\/spmexico.mx\/web\/aviso-simplificado-para-proveedores-y-prestadores-de-servicios\/"]}]},{"@type":"ImageObject","inLanguage":"es","@id":"https:\/\/spmexico.mx\/web\/aviso-simplificado-para-proveedores-y-prestadores-de-servicios\/#primaryimage","url":"https:\/\/spmexico.mx\/web\/wp-content\/uploads\/2024\/10\/xlpe-idd-sanper.jpg","contentUrl":"https:\/\/spmexico.mx\/web\/wp-content\/uploads\/2024\/10\/xlpe-idd-sanper.jpg","width":1507,"height":1165},{"@type":"BreadcrumbList","@id":"https:\/\/spmexico.mx\/web\/aviso-simplificado-para-proveedores-y-prestadores-de-servicios\/#breadcrumb","itemListElement":[{"@type":"ListItem","position":1,"name":"Home","item":"https:\/\/spmexico.mx\/web\/"},{"@type":"ListItem","position":2,"name":"Aviso simplificado para proveedores y prestadores de servicios"}]},{"@type":"WebSite","@id":"https:\/\/spmexico.mx\/web\/#website","url":"https:\/\/spmexico.mx\/web\/","name":"SANPER","description":"Soluciones para la industria mexicana","publisher":{"@id":"https:\/\/spmexico.mx\/web\/#organization"},"potentialAction":[{"@type":"SearchAction","target":{"@type":"EntryPoint","urlTemplate":"https:\/\/spmexico.mx\/web\/?s={search_term_string}"},"query-input":{"@type":"PropertyValueSpecification","valueRequired":true,"valueName":"search_term_string"}}],"inLanguage":"es"},{"@type":"Organization","@id":"https:\/\/spmexico.mx\/web\/#organization","name":"SANPER","url":"https:\/\/spmexico.mx\/web\/","logo":{"@type":"ImageObject","inLanguage":"es","@id":"https:\/\/spmexico.mx\/web\/#\/schema\/logo\/image\/","url":"https:\/\/spmexico.mx\/web\/wp-content\/uploads\/2024\/10\/sanper-mexico.png","contentUrl":"https:\/\/spmexico.mx\/web\/wp-content\/uploads\/2024\/10\/sanper-mexico.png","width":652,"height":191,"caption":"SANPER"},"image":{"@id":"https:\/\/spmexico.mx\/web\/#\/schema\/logo\/image\/"}}]}},"_links":{"self":[{"href":"https:\/\/spmexico.mx\/web\/wp-json\/wp\/v2\/pages\/471"}],"collection":[{"href":"https:\/\/spmexico.mx\/web\/wp-json\/wp\/v2\/pages"}],"about":[{"href":"https:\/\/spmexico.mx\/web\/wp-json\/wp\/v2\/types\/page"}],"author":[{"embeddable":true,"href":"https:\/\/spmexico.mx\/web\/wp-json\/wp\/v2\/users\/1"}],"replies":[{"embeddable":true,"href":"https:\/\/spmexico.mx\/web\/wp-json\/wp\/v2\/comments?post=471"}],"version-history":[{"count":5,"href":"https:\/\/spmexico.mx\/web\/wp-json\/wp\/v2\/pages\/471\/revisions"}],"predecessor-version":[{"id":481,"href":"https:\/\/spmexico.mx\/web\/wp-json\/wp\/v2\/pages\/471\/revisions\/481"}],"wp:featuredmedia":[{"embeddable":true,"href":"https:\/\/spmexico.mx\/web\/wp-json\/wp\/v2\/media\/366"}],"wp:attachment":[{"href":"https:\/\/spmexico.mx\/web\/wp-json\/wp\/v2\/media?parent=471"}],"curies":[{"name":"wp","href":"https:\/\/api.w.org\/{rel}","templated":true}]}}